  {"id":284408,"date":"2026-03-17T10:19:39","date_gmt":"2026-03-17T10:19:39","guid":{"rendered":"https:\/\/www.tele-radio.com\/?page_id=284408"},"modified":"2026-03-23T05:48:36","modified_gmt":"2026-03-23T05:48:36","slug":"tarim","status":"publish","type":"page","link":"https:\/\/www.tele-radio.com\/tr\/tarim\/","title":{"rendered":"TARIM"},"content":{"rendered":"\n<div style=\"height:31px\" aria-hidden=\"true\" class=\"wp-block-spacer\"><\/div>\n\n\n\n<h1 class=\"wp-block-heading has-text-align-center\"><strong><strong>TARIM<\/strong><\/strong><\/h1>\n\n\n\n<div style=\"height:26px\" aria-hidden=\"true\" class=\"wp-block-spacer\"><\/div>\n\n\n\n<div class=\"wp-block-columns is-layout-flex wp-container-core-columns-is-layout-9d6595d7 wp-block-columns-is-layout-flex\">\n<div class=\"wp-block-column is-layout-flow wp-block-column-is-layout-flow\">\n<h1 class=\"wp-block-heading\">K\u00fc\u00e7\u00fck \u00e7iftlik mi, yoksa b\u00fcy\u00fck \u00f6l\u00e7ekli tar\u0131m m\u0131?<\/h1>\n\n\n\n<p>\u0130ster k\u00fc\u00e7\u00fck bir aile \u00e7iftli\u011finde \u00e7al\u0131\u015f\u0131yor olun ister on binlerce d\u00f6n\u00fcml\u00fck araziyi y\u00f6netin, tar\u0131mda daha verimli olman\u0131za yard\u0131mc\u0131 olacak \u00e7\u00f6z\u00fcmler sunuyoruz. Tart\u0131 entegreli tohum veya g\u00fcbre y\u00fckleme sistemlerinden, kabinden kontrol edilen trakt\u00f6r ata\u015fmanlar\u0131na kadar her alanda \u00e7\u00f6z\u00fcmler geli\u015ftirdik. Kablosuz uzaktan kumanda sistemleri; kolay kurulum, dayan\u0131kl\u0131l\u0131k, \u00fcst\u00fcn kontrol kabiliyeti ve g\u00fcn\u00fcm\u00fcz tar\u0131m ihtiya\u00e7lar\u0131 i\u00e7in pek \u00e7ok avantaj sunarken g\u00fcvenlikten de \u00f6d\u00fcn vermez.<\/p>\n\n\n\n<p><br>Kabin i\u00e7indeki geli\u015fmi\u015f fonksiyonel kontrol sistemlerinin giderek daha sofistike hale gelmesiyle birlikte; GPS otomasyonu, lazer kontrol\u00fc, veri kayd\u0131 ve veri aktar\u0131m\u0131 gibi bir\u00e7ok sistemin operat\u00f6r kontrollerinin hassasiyetiyle entegre edilmesi ihtiyac\u0131 ortaya \u00e7\u0131kmaktad\u0131r. Bu entegrasyon sayesinde operasyonlar daha da verimli hale gelmektedir.<\/p>\n\n\n\n<p><br>\u0130\u015fte tam bu noktada 杏吧专区 Radio kablosuz uzaktan kumanda \u00e7\u00f6z\u00fcmleri devreye girer. \u00c7al\u0131\u015fma s\u0131ras\u0131nda ekipman\u0131n\u0131z\u0131 daha iyi g\u00f6rmek isteyebilir ya da ya\u011fmur, r\u00fczg\u00e2r, g\u00fcne\u015f ve di\u011fer zorlu hava ko\u015fullar\u0131ndan korunmak i\u00e7in kabin i\u00e7inde kalmay\u0131 tercih edebilirsiniz. Makinelerinizi daha verimli hale getirmenize ve uzun \u00e7al\u0131\u015fma g\u00fcnleriniz boyunca sahada daha ergonomik ve konforlu bir kullan\u0131m sa\u011flaman\u0131za yard\u0131mc\u0131 olal\u0131m.<\/p>\n\n\n\n<p><br>Oransal veya dijital kontrol sistemleriyle \u00e7al\u0131\u015fan her t\u00fcrl\u00fc tar\u0131m ekipman\u0131n\u0131 veya trakt\u00f6r ata\u015fman\u0131n\u0131 kontrol edebilirsiniz. Tart\u0131 sistemlerini, da\u011f\u0131t\u0131m oran\u0131 kontrol\u00fcn\u00fc, otomasyonu ve veri y\u00f6netim sistemlerini entegre ederek ekipman\u0131n\u0131z\u0131 ihtiya\u00e7lar\u0131n\u0131za g\u00f6re \u00f6zelle\u015ftirin. 杏吧专区 Radio tar\u0131msal uzaktan kumanda \u00e7\u00f6z\u00fcmleriyle zaman\u0131n\u0131z\u0131 ve eme\u011finizi en verimli \u015fekilde kullan\u0131n.<\/p>\n<\/div>\n\n\n\n<div class=\"wp-block-column is-layout-flow wp-block-column-is-layout-flow\" style=\"flex-basis:100px\"><\/div>\n\n\n\n<div class=\"wp-block-column is-layout-flow wp-block-column-is-layout-flow\">\n<div style=\"height:31px\" aria-hidden=\"true\" class=\"wp-block-spacer\"><\/div>\n\n\n\n<div class=\"wp-block-cover\" style=\"min-height:788px;aspect-ratio:unset;\"><img loading=\"lazy\" decoding=\"async\" width=\"1602\" height=\"2400\" class=\"wp-block-cover__image-background wp-image-98510\" alt=\"\" src=\"https:\/\/www.tele-radio.com\/app\/uploads\/FM_MI_PN_0086.jpg\" style=\"object-position:62% 56%\" data-object-fit=\"cover\" data-object-position=\"62% 56%\" srcset=\"https:\/\/www.tele-radio.com\/app\/uploads\/FM_MI_PN_0086.jpg 1602w, https:\/\/www.tele-radio.com\/app\/uploads\/FM_MI_PN_0086-267x400.jpg 267w, https:\/\/www.tele-radio.com\/app\/uploads\/FM_MI_PN_0086-801x1200.jpg 801w, https:\/\/www.tele-radio.com\/app\/uploads\/FM_MI_PN_0086-768x1151.jpg 768w, https:\/\/www.tele-radio.com\/app\/uploads\/FM_MI_PN_0086-1025x1536.jpg 1025w, https:\/\/www.tele-radio.com\/app\/uploads\/FM_MI_PN_0086-1367x2048.jpg 1367w, https:\/\/www.tele-radio.com\/app\/uploads\/FM_MI_PN_0086-501x750.jpg 501w, https:\/\/www.tele-radio.com\/app\/uploads\/FM_MI_PN_0086-334x500.jpg 334w, https:\/\/www.tele-radio.com\/app\/uploads\/FM_MI_PN_0086-1068x1600.jpg 1068w, https:\/\/www.tele-radio.com\/app\/uploads\/FM_MI_PN_0086-534x800.jpg 534w\" sizes=\"auto, (max-width: 1602px) 100vw, 1602px\" \/><span aria-hidden=\"true\" class=\"wp-block-cover__background has-black-background-color has-background-dim-20 has-background-dim\"><\/span><div class=\"wp-block-cover__inner-container is-layout-flow wp-block-cover-is-layout-flow\">\n<p class=\"has-text-align-center has-large-font-size\"><\/p>\n<\/div><\/div>\n<\/div>\n<\/div>\n\n\n\n<div style=\"height:33px\" aria-hidden=\"true\" class=\"wp-block-spacer\"><\/div>\n\n\n\n\n\n<div style=\"height:99px\" aria-hidden=\"true\" class=\"wp-block-spacer\"><\/div>\n\n\n\n<h2 class=\"wp-block-heading has-text-align-center\">Uygulamalar<\/h2>\n\n\n\n<p class=\"has-text-align-center\"><em>Olas\u0131 kullan\u0131m alanlar\u0131 hakk\u0131nda bir fikir vermek amac\u0131yla, a\u015fa\u011f\u0131da baz\u0131 uygulama \u00f6rnekleri ve bu uygulamalarda kullan\u0131lan tipik \u00fcr\u00fcnler yer almaktad\u0131r:<\/em><\/p>\n\n\n\n<div class=\"wp-block-columns is-layout-flex wp-container-core-columns-is-layout-9d6595d7 wp-block-columns-is-layout-flex\">\n<div class=\"wp-block-column is-layout-flow wp-block-column-is-layout-flow\">\n<div class=\"wp-block-cover is-light\"><span aria-hidden=\"true\" class=\"wp-block-cover__background has-white-background-color has-background-dim-100 has-background-dim\"><\/span><div class=\"wp-block-cover__inner-container is-layout-flow wp-block-cover-is-layout-flow\"><div class=\"wp-block-image is-style-default\">\n<figure class=\"aligncenter size-full is-resized\"><img loading=\"lazy\" decoding=\"async\" width=\"128\" height=\"128\" src=\"https:\/\/www.tele-radio.com\/app\/uploads\/harvester-1.png\" alt=\"\" class=\"wp-image-117791\" style=\"width:64px\"\/><\/figure><\/div>\n\n\n<p class=\"has-text-align-center has-black-color has-text-color\"><strong>HASAT MAK\u0130NELER\u0130<\/strong><\/p>\n\n\n\n<p class=\"has-text-align-center has-black-color has-text-color\">Yonca, sar\u0131msak, havu\u00e7, pancar vb. \u00fcr\u00fcnler i\u00e7in kullan\u0131lan \u00e7ok \u00e7e\u015fitli hasat makineleri kolay ve verimli bir \u015fekilde kontrol edilebilir. \u00c7ekilir tip ata\u015fmanlar veya uygulamaya \u00f6zel makinelerde 杏吧专区 Radio kablosuz uzaktan kumanda \u00e7\u00f6z\u00fcm\u00fc kullan\u0131ld\u0131\u011f\u0131nda; h\u0131z kontrol\u00fc yapabilir, fonksiyonlar\u0131 a\u00e7\u0131p kapatabilir, hasat ayarlar\u0131n\u0131 d\u00fczenleyebilir ve daha bir\u00e7ok i\u015flemi ger\u00e7ekle\u015ftirebilirsiniz.<\/p>\n<\/div><\/div>\n<\/div>\n\n\n\n<div class=\"wp-block-column is-vertically-aligned-top is-layout-flow wp-block-column-is-layout-flow\">\n<div class=\"wp-block-cover is-light\"><span aria-hidden=\"true\" class=\"wp-block-cover__background has-white-background-color has-background-dim-100 has-background-dim\"><\/span><div class=\"wp-block-cover__inner-container is-layout-flow wp-block-cover-is-layout-flow\"><div class=\"wp-block-image is-style-default\">\n<figure class=\"aligncenter size-full is-resized\"><img loading=\"lazy\" decoding=\"async\" width=\"128\" height=\"128\" src=\"https:\/\/www.tele-radio.com\/app\/uploads\/conveyor.png\" alt=\"\" class=\"wp-image-117887\" style=\"width:71px;height:71px\"\/><\/figure><\/div>\n\n\n<p class=\"has-text-align-center has-black-color has-text-color\"><strong>BALYA TA\u015eIYICI PLATFORM \/ BALE BED<\/strong><\/p>\n\n\n\n<p class=\"has-text-align-center has-black-color has-text-color\">Sa\u011flam, dayan\u0131kl\u0131 ve her t\u00fcrl\u00fc ko\u015fula haz\u0131r 杏吧专区 Radio vericileri sizin kadar yo\u011fun \u00e7al\u0131\u015f\u0131r. G\u00fcn do\u011fumundan g\u00fcn bat\u0131m\u0131na kadar hayvanlar\u0131n\u0131z s\u00fcrekli ilgi ister; bu nedenle g\u00fcn boyu g\u00fcvenle kullanabilece\u011finiz, g\u00fcvenilir bir \u00e7\u00f6z\u00fcm orta\u011f\u0131n\u0131 tercih edin. 杏吧专区 Radio kablosuz kontrol \u00e7\u00f6z\u00fcmleri, balyalar\u0131 kald\u0131rman\u0131za, ta\u015f\u0131man\u0131za, b\u0131rakman\u0131za ve gerekirse gece saatlerine kadar a\u00e7\u0131p da\u011f\u0131tman\u0131za olanak tan\u0131r. Cake feeder kontrol\u00fc gibi se\u00e7eneklerle, yapt\u0131\u011f\u0131n\u0131z i\u015fleri takip etmenizi kolayla\u015ft\u0131ran ve ihtiya\u00e7lar\u0131n\u0131za uygun bir \u00e7\u00f6z\u00fcm olu\u015fturabilirsiniz.<\/p>\n<\/div><\/div>\n<\/div>\n\n\n\n<div class=\"wp-block-column is-vertically-aligned-top is-layout-flow wp-block-column-is-layout-flow\">\n<div style=\"height:65px\" aria-hidden=\"true\" class=\"wp-block-spacer\"><\/div>\n\n\n<div class=\"wp-block-image is-style-default\">\n<figure class=\"aligncenter size-full is-resized\"><img loading=\"lazy\" decoding=\"async\" width=\"128\" height=\"128\" src=\"https:\/\/www.tele-radio.com\/app\/uploads\/sprout.png\" alt=\"\" class=\"wp-image-117837\" style=\"width:64px;height:64px\"\/><\/figure><\/div>\n\n\n<p class=\"has-text-align-center\"><strong>TOHUM Y\u00dcKLEME \/ TRANSFER S\u0130STEMLER\u0130 (SEED TENDER)<\/strong><\/p>\n\n\n\n<p class=\"has-text-align-center\">\u0130ster tart\u0131 sistemleri, ister otomasyon ya da basit operat\u00f6r kontrol\u00fc kullan\u0131ls\u0131n; Tiger ve Panther vericileri seed tender ekipman\u0131n\u0131n g\u00fc\u00e7l\u00fc ve sezgisel bir \u015fekilde kontrol edilmesini sa\u011flar. Tar\u0131m veya in\u015faat sekt\u00f6r\u00fcndeki her t\u00fcrl\u00fc d\u00f6kme malzeme transfer uygulamas\u0131, sistemlerimiz sayesinde kolayl\u0131kla kontrol edilebilir ve binlerce saat boyunca g\u00fcvenli bir \u00e7al\u0131\u015fma sa\u011flar. \u0130ster sahada ister kar\u0131\u015ft\u0131rma tesisinde olsun, ekipmanlar\u0131n\u0131z\u0131 kablosuz uzaktan kumanda ile daha verimli hale getirebilirsiniz. Makinenize kablosuz uzaktan kumanda entegre ederek nas\u0131l fayda sa\u011flayabilece\u011finizi \u00f6\u011frenmek i\u00e7in bug\u00fcn bizimle ileti\u015fime ge\u00e7in.<\/p>\n<\/div>\n<\/div>\n\n\n\n<div style=\"height:89px\" aria-hidden=\"true\" class=\"wp-block-spacer\"><\/div>\n\n\n\n<div class=\"wp-block-group alignwide\" style=\"margin-top:0;margin-bottom:0\">\n  <div aria-hidden=\"true\" class=\"wp-block-spacer\" style=\"height:50px\"><\/div>\n\n  <h3 class=\"wp-block-heading has-text-align-center\">\n    G\u00fcvenlik ve i\u015flevsellik i\u00e7in tercihlerinizi belirleyin\n  <\/h3>\n\n  <p>\n    \u0130htiya\u00e7lar\u0131n\u0131za en uygun vericiyi se\u00e7mek i\u00e7in 杏吧专区&nbsp;Radio ekibine dan\u0131\u015fman\u0131z \u00f6nerilir. Farkl\u0131 \u00f6zelliklere sahip \u00e7e\u015fitli verici \u00e7\u00f6z\u00fcmleri sunuyoruz. Do\u011fru se\u00e7imi yaparken a\u015fa\u011f\u0131daki \u00fc\u00e7 unsur belirleyici olacakt\u0131r:\n  <\/p>\n\n  <div class=\"wp-block-media-text alignwide is-stacked-on-mobile is-vertically-aligned-center\" style=\"grid-template-columns: 15% auto;\">\n    <figure class=\"wp-block-media-text__media\">\n      <img\n        loading=\"lazy\"\n        decoding=\"async\"\n        width=\"404\"\n        height=\"404\"\n        src=\"https:\/\/www.tele-radio.com\/app\/uploads\/Safety_level_2.png\"\n        alt=\"G\u00fcvenlik Seviyesi\"\n        class=\"wp-image-68190 size-full\"\n      \/>\n    <\/figure>\n\n    <div class=\"wp-block-media-text__content\">\n      <p><strong>G\u00fcvenlik Seviyesi<\/strong><\/p>\n      <p>\n        Vericilerimiz g\u00fcvenlidir ve bir\u00e7ok model ba\u011f\u0131ms\u0131z g\u00fcvenlik sertifikas\u0131na sahiptir. Bu, acil durdurma (stop) butonunun \u00e7al\u0131\u015fmas\u0131n\u0131n ba\u011f\u0131ms\u0131z ve yetkili kurulu\u015flar taraf\u0131ndan test edilip do\u011fruland\u0131\u011f\u0131 anlam\u0131na gelir. Makine kullan\u0131m\u0131 s\u0131ras\u0131nda yaralanma riskini en aza indirmek istiyorsan\u0131z, ba\u011f\u0131ms\u0131z g\u00fcvenlik sertifikas\u0131na sahip bir sistem tercih etmenizi \u00f6neririz. G\u00fcvenlik riski bulunmayan uygulamalarda ise sertifikas\u0131z bir verici de tercih edilebilir.\n      <\/p>\n    <\/div>\n  <\/div>\n\n  <div class=\"wp-block-media-text alignwide is-stacked-on-mobile is-vertically-aligned-center\" style=\"grid-template-columns: 15% auto;\">\n    <figure class=\"wp-block-media-text__media\">\n      <img\n        loading=\"lazy\"\n        decoding=\"async\"\n        width=\"404\"\n        height=\"404\"\n        src=\"https:\/\/www.tele-radio.com\/app\/uploads\/Control_element_2.png\"\n        alt=\"Butonlar veya Joystickler\"\n        class=\"wp-image-68176 size-full\"\n      \/>\n    <\/figure>\n\n    <div class=\"wp-block-media-text__content\">\n      <p><strong>Butonlar veya Joystickler<\/strong><\/p>\n      <p>\n        Buton kullan\u0131m\u0131, vericinin kullan\u0131m\u0131n\u0131 daha kolay hale getirirken hassasiyetten \u00f6d\u00fcn vermez. \u00d6rne\u011fin oransal (proportional) butonlara sahip bir verici, joystick vericilerle benzer hassasiyet sunabilir. Butona daha fazla bas\u0131ld\u0131k\u00e7a aktivasyon seviyesi artar. Joystick vericiler ise daha b\u00fcy\u00fck yap\u0131da olup, \u00f6zel butonlar ve anahtarlar gibi daha fazla \u00f6zelle\u015ftirme se\u00e7ene\u011fi sunar.\n      <\/p>\n    <\/div>\n  <\/div>\n\n  <div class=\"wp-block-media-text alignwide is-stacked-on-mobile is-vertically-aligned-center\" style=\"grid-template-columns: 15% auto;\">\n    <figure class=\"wp-block-media-text__media\">\n      <img\n        loading=\"lazy\"\n        decoding=\"async\"\n        width=\"404\"\n        height=\"404\"\n        src=\"https:\/\/www.tele-radio.com\/app\/uploads\/Feedback_2.png\"\n        alt=\"Geri Bildirim\"\n        class=\"wp-image-68223 size-full\"\n      \/>\n    <\/figure>\n\n    <div class=\"wp-block-media-text__content\">\n      <p><strong>Geri Bildirim<\/strong><\/p>\n      <p>\n        Baz\u0131 vericiler, al\u0131c\u0131dan bilgi geri bildirimi alabilir. Sisteme ba\u011fl\u0131 olarak bu bilgiler, verici \u00fczerindeki LED\u2019ler arac\u0131l\u0131\u011f\u0131yla veya bir ekran \u00fczerinden g\u00f6r\u00fcnt\u00fclenebilir. \u00d6rne\u011fin bir vinci kontrol ederken, kald\u0131r\u0131lacak y\u00fck a\u011f\u0131rl\u0131\u011f\u0131 veya alarm bilgilerini ekran \u00fczerinden takip edebilirsiniz. Bu \u00f6zellik, kamyon vin\u00e7leri gibi daha basit uygulamalarda daha az kritik \u00f6neme sahiptir.\n      <\/p>\n    <\/div>\n  <\/div>\n\n  <div aria-hidden=\"true\" class=\"wp-block-spacer\" style=\"height:50px\"><\/div>\n<\/div>\n\n\n\n<div style=\"height:50px\" aria-hidden=\"true\" class=\"wp-block-spacer\"><\/div>\n\n\n<div class=\"wp-block-image is-style-default\">\n<figure class=\"aligncenter size-large is-resized\"><img decoding=\"async\" src=\"https:\/\/www.tele-radio.com\/app\/uploads\/\/Assortiment_2019_zonder_spiegeling_en_schaduw-1200x614.jpg\" alt=\"\" style=\"width:771px;height:394px\"\/><\/figure><\/div>\n\n\n<p class=\"has-text-align-center\"><p style=\"color:#000; font-weight:700; font-size:20px;\">\n<span style=\"background:linear-gradient(transparent 70%, #fabb00 70%);\">\nBir Uzmana Dan\u0131\u015f\u0131n\n<\/span>\n<\/p><\/p>\n\n\n\n<div class=\"wp-block-contact-form-7-contact-form-selector\">\n<div class=\"wpcf7 no-js\" id=\"wpcf7-f283160-o1\" lang=\"tr-TR\" dir=\"ltr\" data-wpcf7-id=\"283160\">\n<div class=\"screen-reader-response\"><p role=\"status\" aria-live=\"polite\" aria-atomic=\"true\"><\/p> <ul><\/ul><\/div>\n<form action=\"\/tr\/wp-json\/wp\/v2\/pages\/284408#wpcf7-f283160-o1\" method=\"post\" class=\"wpcf7-form init\" aria-label=\"Contact form\" novalidate=\"novalidate\" data-status=\"init\">\n<fieldset class=\"hidden-fields-container\"><input type=\"hidden\" name=\"_wpcf7\" value=\"283160\" \/><input type=\"hidden\" name=\"_wpcf7_version\" value=\"6.1\" \/><input type=\"hidden\" name=\"_wpcf7_locale\" value=\"tr_TR\" \/><input type=\"hidden\" name=\"_wpcf7_unit_tag\" value=\"wpcf7-f283160-o1\" \/><input type=\"hidden\" name=\"_wpcf7_container_post\" value=\"0\" \/><input type=\"hidden\" name=\"_wpcf7_posted_data_hash\" value=\"\" \/><input type=\"hidden\" name=\"_wpcf7_recaptcha_response\" value=\"\" \/>\n<\/fieldset>\n<p><label> Ad Soyad*<br \/>\n<span class=\"wpcf7-form-control-wrap\" data-name=\"your-name\"><input size=\"40\" maxlength=\"400\" class=\"wpcf7-form-control wpcf7-text wpcf7-validates-as-required\" aria-required=\"true\" aria-invalid=\"false\" placeholder=\"Ad\u0131n\u0131z ve Soyad\u0131n\u0131z\" value=\"\" type=\"text\" name=\"your-name\" \/><\/span><br \/>\n<\/label>\n<\/p>\n<p><label> E-posta*<br \/>\n<span class=\"wpcf7-form-control-wrap\" data-name=\"your-email\"><input size=\"40\" maxlength=\"400\" class=\"wpcf7-form-control wpcf7-email wpcf7-validates-as-required wpcf7-text wpcf7-validates-as-email\" aria-required=\"true\" aria-invalid=\"false\" placeholder=\"E-posta adresiniz\" value=\"\" type=\"email\" name=\"your-email\" \/><\/span><br \/>\n<\/label>\n<\/p>\n<p><label> 杏吧专区fon<br \/>\n<span class=\"wpcf7-form-control-wrap\" data-name=\"telephone\"><input size=\"40\" maxlength=\"400\" class=\"wpcf7-form-control wpcf7-tel wpcf7-text wpcf7-validates-as-tel\" aria-invalid=\"false\" placeholder=\"杏吧专区fon numaran\u0131z (opsiyonel)\" value=\"\" type=\"tel\" name=\"telephone\" \/><\/span><br \/>\n<\/label>\n<\/p>\n<p><label> Sorunuz*<br \/>\n<span class=\"wpcf7-form-control-wrap\" data-name=\"your-message\"><textarea cols=\"40\" rows=\"10\" maxlength=\"2000\" class=\"wpcf7-form-control wpcf7-textarea wpcf7-validates-as-required\" aria-required=\"true\" aria-invalid=\"false\" placeholder=\"Mesaj\u0131n\u0131z\u0131 yaz\u0131n\" name=\"your-message\"><\/textarea><\/span><br \/>\n<\/label>\n<\/p>\n<p><input class=\"wpcf7-form-control wpcf7-submit has-spinner\" type=\"submit\" value=\"G\u00f6nder\" \/>\n<\/p><div class=\"wpcf7-response-output\" aria-hidden=\"true\"><\/div>\n<\/form>\n<\/div>\n\r\n\t\t\t\t<script>\r\n\t\t\t\tif ( typeof huOptions !== 'undefined' ) {\r\n\t\t\t\t\tvar huFormData = {\"source\":\"contactform7\",\"id\":283160,\"title\":\"TRFORM-UYGULAMALAR\",\"fields\":{\"subject\":{\"first_name\":\"your-name\",\"email\":\"your-email\"},\"preferences\":{\"terms\":\"your-consent\"}}};\r\n\t\t\t\t\tvar huFormNode = document.querySelector( '[id^=\"wpcf7-f283160-\"] form' );\r\n\r\n\t\t\t\t\thuFormData['node'] = huFormNode;\r\n\t\t\t\t\thuOptions['forms'].push( huFormData );\r\n\t\t\t\t}\r\n\t\t\t\t<\/script><\/div>\n\n\n\n<p><\/p>\n\n\n\n<p><\/p>\n","protected":false},"excerpt":{"rendered":"<p>TARIM K\u00fc\u00e7\u00fck \u00e7iftlik mi, yoksa b\u00fcy\u00fck \u00f6l\u00e7ekli tar\u0131m m\u0131? \u0130ster k\u00fc\u00e7\u00fck bir aile \u00e7iftli\u011finde \u00e7al\u0131\u015f\u0131yor olun ister on binlerce d\u00f6n\u00fcml\u00fck araziyi y\u00f6netin, tar\u0131mda daha verimli olman\u0131za yard\u0131mc\u0131 olacak \u00e7\u00f6z\u00fcmler sunuyoruz. Tart\u0131 entegreli tohum veya g\u00fcbre y\u00fckleme sistemlerinden, kabinden kontrol edilen trakt\u00f6r ata\u015fmanlar\u0131na kadar her alanda \u00e7\u00f6z\u00fcmler geli\u015ftirdik. Kablosuz uzaktan kumanda sistemleri; kolay kurulum, dayan\u0131kl\u0131l\u0131k, \u00fcst\u00fcn [&hellip;]<\/p>\n","protected":false},"author":52,"featured_media":0,"parent":0,"menu_order":0,"comment_status":"closed","ping_status":"closed","template":"","meta":{"_acf_changed":false,"footnotes":""},"class_list":["post-284408","page","type-page","status-publish","hentry"],"acf":[],"_links":{"self":[{"href":"https:\/\/www.tele-radio.com\/tr\/wp-json\/wp\/v2\/pages\/284408","targetHints":{"allow":["GET"]}}],"collection":[{"href":"https:\/\/www.tele-radio.com\/tr\/wp-json\/wp\/v2\/pages"}],"about":[{"href":"https:\/\/www.tele-radio.com\/tr\/wp-json\/wp\/v2\/types\/page"}],"author":[{"embeddable":true,"href":"https:\/\/www.tele-radio.com\/tr\/wp-json\/wp\/v2\/users\/52"}],"replies":[{"embeddable":true,"href":"https:\/\/www.tele-radio.com\/tr\/wp-json\/wp\/v2\/comments?post=284408"}],"version-history":[{"count":17,"href":"https:\/\/www.tele-radio.com\/tr\/wp-json\/wp\/v2\/pages\/284408\/revisions"}],"predecessor-version":[{"id":285192,"href":"https:\/\/www.tele-radio.com\/tr\/wp-json\/wp\/v2\/pages\/284408\/revisions\/285192"}],"wp:attachment":[{"href":"https:\/\/www.tele-radio.com\/tr\/wp-json\/wp\/v2\/media?parent=284408"}],"curies":[{"name":"wp","href":"https:\/\/api.w.org\/{rel}","templated":true}]}}