  {"id":6543,"date":"2018-05-14T06:12:23","date_gmt":"2018-05-14T06:12:23","guid":{"rendered":"https:\/\/www.tele-radio.com\/thames-reinforcements-ltd\/"},"modified":"2019-06-14T11:37:13","modified_gmt":"2019-06-14T11:37:13","slug":"thames-reinforcements-ltd-radiostyring-til-stalfabrikk","status":"publish","type":"page","link":"https:\/\/www.tele-radio.com\/nb\/thames-reinforcements-ltd-radiostyring-til-stalfabrikk\/","title":{"rendered":"Thames Reinforcements Ltd"},"content":{"rendered":"<h1>Erstatter konkurrentene<\/h1>\n<p>Thames Reinforcements Ltd er en fabrikk i Sheerness i Kent som kun produserer st\u00e5larmering. Fabrikkens kapasitet n\u00e5r 1500 tonn med CARES-godkjent sk\u00e5ret og b\u00f8yd st\u00e5larmering hver uke. Thames startet med en fjernkontroll fra konkurrentene, men de oppdaget fort at det barske klimaet innen st\u00e5lproduksjon er sv\u00e6rt krevende p\u00e5 fjernkontrollene. Etter \u00e5 ha blitt klar over at fjernkontrollene holdt i kun \u00e9n m\u00e5ned av gangen, begynte de \u00e5 se etter en erstatning. De bestemte seg for \u00e5 pr\u00f8ve 杏吧专区 Radio og monterte Tiger-systemet p\u00e5 kranene sine. De valgte Tiger T9-1-senderen og brukte to sendere for hver kran p\u00e5 grunn av 24-timers skift. Totalt har fabrikken tre l\u00f8pekraner som hver enkelt er utstyrt med et Tiger-system.<br \/>\nEtter et \u00e5r med drift 24 timer i d\u00f8gnet, var det bare to sendere som noensinne trengte utskifting. Kranene ble etter en stund byttet ut og flyttet til Nottingham-anlegget deres, der systemene fortsetter \u00e5 kj\u00f8re feilfritt. Nye Demag-kraner ble installert p\u00e5 Kent-anlegget, og disse kom med Demags radiol\u00f8sning. Etter bare en m\u00e5nedens tid, kom den f\u00f8rste fjernkontrollen som f\u00f8rte til at Tomasz Fraczek, vedlikeholdssjef, tok kontakt med 杏吧专区 Radio for \u00e5 bytte ut Demag-radioene med systemer fra 杏吧专区 Radio.<\/p>\n<blockquote><p>&laquo;杏吧专区 Radio-fjernkontroller kan h\u00e5ndtere mye mekanisk mishandling uten at de \u00f8delegges, og batteritiden er imponerende.&raquo;<\/p><\/blockquote>\n<p>Denne gangen installerte 杏吧专区 Radio en <a href=\"https:\/\/www.tele-radio.com\/nb\/products\/panther\/\">Panther-l\u00f8sning<\/a> med uttakbare og oppladbare batterier for \u00e5 bidra til avbruddsfri drift. Senderne kan h\u00e5ndtere godt og vel 100 timer med service, et antall timer som ingen andre kommer i n\u00e6rheten av. Disse systemene har n\u00e5 kj\u00f8rt feilfritt i tre m\u00e5neder.<\/p>\n<p>Du kan ogs\u00e5 <a href=\"https:\/\/www.tele-radio.com\/munck-cranes-a-s\/\">lese om Munck Cranes<\/a> og hvorfor de valgte \u00e5 bruke 杏吧专区 Radio.<\/p>\n","protected":false},"excerpt":{"rendered":"<p>Erstatter konkurrentene Thames Reinforcements Ltd er en fabrikk i Sheerness i Kent som kun produserer st\u00e5larmering. Fabrikkens kapasitet n\u00e5r 1500 tonn med CARES-godkjent sk\u00e5ret og b\u00f8yd st\u00e5larmering hver uke. Thames startet med en fjernkontroll fra konkurrentene, men de oppdaget fort at det barske klimaet innen st\u00e5lproduksjon er sv\u00e6rt krevende p\u00e5 fjernkontrollene. Etter \u00e5 ha blitt [&hellip;]<\/p>\n","protected":false},"author":29,"featured_media":9756,"parent":0,"menu_order":0,"comment_status":"closed","ping_status":"closed","template":"","meta":{"_acf_changed":false,"footnotes":""},"class_list":["post-6543","page","type-page","status-publish","has-post-thumbnail","hentry"],"acf":[],"_links":{"self":[{"href":"https:\/\/www.tele-radio.com\/nb\/wp-json\/wp\/v2\/pages\/6543","targetHints":{"allow":["GET"]}}],"collection":[{"href":"https:\/\/www.tele-radio.com\/nb\/wp-json\/wp\/v2\/pages"}],"about":[{"href":"https:\/\/www.tele-radio.com\/nb\/wp-json\/wp\/v2\/types\/page"}],"author":[{"embeddable":true,"href":"https:\/\/www.tele-radio.com\/nb\/wp-json\/wp\/v2\/users\/29"}],"replies":[{"embeddable":true,"href":"https:\/\/www.tele-radio.com\/nb\/wp-json\/wp\/v2\/comments?post=6543"}],"version-history":[{"count":5,"href":"https:\/\/www.tele-radio.com\/nb\/wp-json\/wp\/v2\/pages\/6543\/revisions"}],"predecessor-version":[{"id":22842,"href":"https:\/\/www.tele-radio.com\/nb\/wp-json\/wp\/v2\/pages\/6543\/revisions\/22842"}],"wp:featuredmedia":[{"embeddable":true,"href":"https:\/\/www.tele-radio.com\/nb\/wp-json\/wp\/v2\/media\/9756"}],"wp:attachment":[{"href":"https:\/\/www.tele-radio.com\/nb\/wp-json\/wp\/v2\/media?parent=6543"}],"curies":[{"name":"wp","href":"https:\/\/api.w.org\/{rel}","templated":true}]}}