  {"id":6368,"date":"2018-05-10T13:37:03","date_gmt":"2018-05-10T13:37:03","guid":{"rendered":"https:\/\/www.tele-radio.com\/iso-certifications\/"},"modified":"2024-05-07T12:56:44","modified_gmt":"2024-05-07T12:56:44","slug":"certificaciones-iso","status":"publish","type":"page","link":"https:\/\/www.tele-radio.com\/la\/certificaciones-iso\/","title":{"rendered":"Certificaciones ISO"},"content":{"rendered":"<h1><\/h1>\n<h1 class=\"wp-block-heading\">杏吧专区 Radio es una empresa con certificaciones ISO para un control remoto seguro<\/h1>\n<h1> <\/h1>\n杏吧专区 Radio est\u00e1 certificada de acuerdo con el sistema de gesti\u00f3n de calidad ISO 9001 y el sistema de gesti\u00f3n ambiental ISO 14001 para un control remoto seguro. Esto significa que puede confiar en nuestra capacidad y conocimiento para llevar a cabo el trabajo que desarrollamos, que trabajamos continuamente para evitar que los errores se repitan, que utilizamos tantos componentes ecol\u00f3gicos como sea posible y que utilizamos los mejores medios de transporte disponibles, tanto para viajes de negocios como para el transporte de mercanc\u00edas, por el bien del medio ambiente.\n<h1> <\/h1>\n<h2 class=\"wp-block-heading\">ISO 9001<\/h2>\n<h1> <\/h1>\nLas partes m\u00e1s importantes de la certificaci\u00f3n ISO 9001 para sistemas de gesti\u00f3n son la calidad, la responsabilidad, los recursos, el desarrollo del producto, as\u00ed como la medici\u00f3n, el an\u00e1lisis y la mejora.\n<h1> <\/h1>\n<a href=\"https:\/\/www.tele-radio.com\/app\/uploads\/Allgon-AB-Certificate-SE009776-9001-2024.pdf\" target=\"_blank\" rel=\"noreferrer noopener\">Descargar certificado ISO9001 <\/a>\n<h1> <a href=\"https:\/\/www.tele-radio.com\/app\/uploads\/Allgon-AB-Certificate-SE009776-9001-2024.pdf\" class=\"pdfemb-viewer\" style=\"\" data-width=\"max\" data-height=\"max\" data-toolbar=\"bottom\" data-toolbar-fixed=\"off\">Allgon-AB-Certificate-SE009776-9001-2024<\/a><\/h1>\n<p class=\"wp-block-pdfemb-pdf-embedder-viewer\"><\/p>\n\n<h1> <\/h1>\n<h2 class=\"wp-block-heading\">ISO 14001<\/h2>\n<h1> <\/h1>\nISO 14001 exige que asumamos la responsabilidad de prevenir la contaminaci\u00f3n y que la administraci\u00f3n de nuestra empresa asuma la responsabilidad total de mejorar a\u00f1o tras a\u00f1o. En nuestra investigaci\u00f3n y desarrollo, hemos establecido un objetivo para que nuestros productos cumplan con los est\u00e1ndares de REACH y RoHS. REACH es un reglamento de la Uni\u00f3n Europea, adoptado para mejorar la protecci\u00f3n de la salud humana y el medio ambiente de los riesgos que pueden presentar los productos qu\u00edmicos, al tiempo que mejora la competitividad de la industria qu\u00edmica de la UE.\n<h1> <\/h1>\n<a href=\"https:\/\/www.tele-radio.com\/app\/uploads\/Allgon-AB-Certificate-SE009777-14001-2024-1.pdf\" target=\"_blank\" rel=\"noreferrer noopener\">Descargar certificado ISO14001<\/a>\n<h1> <a href=\"https:\/\/www.tele-radio.com\/app\/uploads\/Allgon-AB-Certificate-SE009777-14001-2024-1.pdf\" class=\"pdfemb-viewer\" style=\"\" data-width=\"max\" data-height=\"max\" data-toolbar=\"bottom\" data-toolbar-fixed=\"off\">Allgon-AB-Certificate-SE009777-14001-2024-1<\/a><\/h1>\n<p class=\"wp-block-pdfemb-pdf-embedder-viewer\"><\/p>\n\n<h1> <\/h1>\nLa Directiva de Restricci\u00f3n de Sustancias Peligrosas 2002\/95 \/ EC, RoHs, describe la restricci\u00f3n del uso de ciertas sustancias peligrosas en equipos el\u00e9ctricos y electr\u00f3nicos.\n<h1><\/h1>","protected":false},"excerpt":{"rendered":"<p>杏吧专区 Radio es una empresa con certificaciones ISO para un control remoto seguro 杏吧专区 Radio est\u00e1 certificada de acuerdo con el sistema de gesti\u00f3n de calidad ISO 9001 y el sistema de gesti\u00f3n ambiental ISO 14001 para un control remoto seguro. Esto significa que puede confiar en nuestra capacidad y conocimiento para llevar a cabo [&hellip;]<\/p>\n","protected":false},"author":29,"featured_media":9683,"parent":0,"menu_order":0,"comment_status":"closed","ping_status":"closed","template":"","meta":{"_acf_changed":false,"footnotes":""},"class_list":["post-6368","page","type-page","status-publish","has-post-thumbnail","hentry"],"acf":[],"_links":{"self":[{"href":"https:\/\/www.tele-radio.com\/la\/wp-json\/wp\/v2\/pages\/6368","targetHints":{"allow":["GET"]}}],"collection":[{"href":"https:\/\/www.tele-radio.com\/la\/wp-json\/wp\/v2\/pages"}],"about":[{"href":"https:\/\/www.tele-radio.com\/la\/wp-json\/wp\/v2\/types\/page"}],"author":[{"embeddable":true,"href":"https:\/\/www.tele-radio.com\/la\/wp-json\/wp\/v2\/users\/29"}],"replies":[{"embeddable":true,"href":"https:\/\/www.tele-radio.com\/la\/wp-json\/wp\/v2\/comments?post=6368"}],"version-history":[{"count":4,"href":"https:\/\/www.tele-radio.com\/la\/wp-json\/wp\/v2\/pages\/6368\/revisions"}],"predecessor-version":[{"id":217231,"href":"https:\/\/www.tele-radio.com\/la\/wp-json\/wp\/v2\/pages\/6368\/revisions\/217231"}],"wp:featuredmedia":[{"embeddable":true,"href":"https:\/\/www.tele-radio.com\/la\/wp-json\/wp\/v2\/media\/9683"}],"wp:attachment":[{"href":"https:\/\/www.tele-radio.com\/la\/wp-json\/wp\/v2\/media?parent=6368"}],"curies":[{"name":"wp","href":"https:\/\/api.w.org\/{rel}","templated":true}]}}