  {"id":5709,"date":"2018-05-04T14:47:03","date_gmt":"2018-05-04T14:47:03","guid":{"rendered":"https:\/\/www.tele-radio.com\/about-us\/"},"modified":"2019-10-23T11:25:16","modified_gmt":"2019-10-23T11:25:16","slug":"sobre-nosotros","status":"publish","type":"page","link":"https:\/\/www.tele-radio.com\/la\/sobre-nosotros\/","title":{"rendered":"Sobre nosotros"},"content":{"rendered":"<h1>Sobre 杏吧专区 Radio<\/h1>\n<h2>Desarrollando sistemas de radio control desde hace m\u00e1s de 65 a\u00f1os<\/h2>\n<p>En 杏吧专区 Radio desarrollamos, fabricamos y comercializamos <strong>sistemas\u00a0de radio control seguros<\/strong> para uso industrial. La compa\u00f1\u00eda se fund\u00f3 en Suecia en 1955 y desde entonces se ha convertido en un gran grupo de empresas, el Grupo 杏吧专区 Radio.<\/p>\n<h3>Presencia a nivel mundial<\/h3>\n<p>La oficina central se encuentra en Askim, a las afueras de Gotemburgo, Suecia y contamos con filiales en Europa, Estados Unidos, Australia y Asia. Adem\u00e1s cooperamos con distribuidores y socios en todo el mundo. Puedes ver todas nuestras oficinas e informaci\u00f3n de contacto en nuestra <a href=\"https:\/\/www.tele-radio.com\/la\/contacto\/\">p\u00e1gina de contacto<\/a>.<\/p>\n<h2>Investigaci\u00f3n y desarrollo<\/h2>\n<p>Llevamos a cabo <strong>nuestra propia investigaci\u00f3n y desarrollo<\/strong>. Con m\u00e1s de 65 a\u00f1os de experiencia tenemos un s\u00f3lido conocimiento y experiencia contrastada en sistemas por radio control para uso industrial. Nuestra misi\u00f3n es proveer soluciones de producto de todo tipo, tecnolog\u00edas y servicios en el campo del equipamiento del control inal\u00e1mbrico y la comunicaci\u00f3n a nivel industrial, donde la <strong>fiabilidad y seguridad<\/strong> son factores clave decisivos. Alcanzamos estos objetivos alentando a que todos nuestros empleados sean parte del proceso y tomen responsabilidad en sus respectivas \u00e1reas de trabajo. Nuestro principal objetivo es proveer soluciones que a\u00f1adan valor a su negocio al mismo tiempo que le brindamos un <strong>soporte impecable<\/strong> cuando lo necesite, ya sea visitando nuestras oficinas, por email, tel\u00e9fono o usando nuestra <a href=\"https:\/\/www.tele-radio.com\/la\/ayuda-soporte\">p\u00e1gina de soporte<\/a>.<\/p>\n<blockquote><p><em>\u201c<\/em><em>Utilizamos <\/em><em>杏吧专区 Radio por su excelente servicio y organizaci\u00f3n de soporte, algo que es muy importante para nosotros y nuestro negocio\u201d<\/em><\/p>\n<p>-Rune Wab\u00f8, Director General de Munck Cranes.<\/p><\/blockquote>\n<p>Tenemos una amplia selecci\u00f3n de productos, desde peque\u00f1os transmisores hasta grandes plataformas de pupitre y si el producto no se adapta a su aplicaci\u00f3n, nos adaptamos a usted, no al contrario, lo cual es muy com\u00fan. Queremos ofrecerle algo que mejorar\u00e1 su forma de trabajar; tambi\u00e9n creemos en construir una relaci\u00f3n a largo plazo con usted que va m\u00e1s all\u00e1 de la venta. Queremos que nuestros productos a\u00f1adan valor a su trabajo del d\u00eda a d\u00eda.<\/p>\n<h2>Control remoto seguro<\/h2>\n<p>La <strong>seguridad<\/strong> es una gran preocupaci\u00f3n para nosotros, siendo una empresa sueca es parte de nuestra esencia. Nos esforzamos en fabricar nuestros productos lo m\u00e1s seguros posible. Nos aseguramos que nuestros productos cumplen con los m\u00e1s altos est\u00e1ndares de seguridad posibles y disponemos de los certificados oficiales para respaldar dicha afirmaci\u00f3n.<\/p>\n<p>Como ya habr\u00e1 adivinado, nuestros productos no son solo seguros, sino que tambi\u00e9n son <strong>robustos y resistentes<\/strong>. Sabemos que nuestros controles remotos se lanzan, se caen, se atropellan, se mojan\u2026y por ello, lo tuvimos muy en cuenta cuando los dise\u00f1amos. Est\u00e1n desarrollados para ser utilizados en su d\u00eda a d\u00eda de trabajo, sea cual sea el entorno industrial.<\/p>\n<blockquote><p><em>\u201cLos controles remotos de 杏吧专区 Radio pueden ser utilizados con extrema dureza sin romperse y la duraci\u00f3n de bater\u00eda es impresionante\u201d<\/em><\/p>\n<p>-Tomasz Fraczek, gerente de mantenimiento, Thames Reinforcements Ltd.<\/p><\/blockquote>\n<h2>Nos preocupamos por el medio ambiente<\/h2>\n<p>Tratamos de ser una empresa que se preocupa por el medio ambiente. Operamos en el mundo y utilizamos sus recursos para fabricar nuestros productos. El clima global y el bienestar del planeta es una preocupaci\u00f3n para nosotros y nos tomamos estos desaf\u00edos en serio. Por lo tanto, 杏吧专区 Radio est\u00e1 certificada seg\u00fan la norma ISO 14001, que exige que asumamos la responsabilidad de prevenir la contaminaci\u00f3n y que la administraci\u00f3n de nuestra empresa asuma la responsabilidad de mejorar a\u00f1o tras a\u00f1o.<\/p>\n<p>Reduciendo las emisiones de carbono a trav\u00e9s de un transporte m\u00e1s eficiente. Limitando el uso de productos qu\u00edmicos y elementos nocivos en nuestros productos para salvaguardar tanto a nuestros clientes como al medio ambiente.<\/p>\n<p>Tambi\u00e9n contribuimos con donaciones a WWF todos los a\u00f1os para preservar al tigre en peligro de extinci\u00f3n. Dado que el tigre ocupa un lugar destacado en nuestro marketing y de hecho, da nombre a uno de nuestros sistemas m\u00e1s emblem\u00e1ticos; es natural que pongamos de nuestra parte en los esfuerzos por su conservaci\u00f3n.<\/p>\n<p>Aqu\u00ed puedes ver nuestras <a href=\"https:\/\/www.tele-radio.com\/la\/certificaciones-iso\/\">certificaciones ISO<\/a> y nuestro <a href=\"https:\/\/www.tele-radio.com\/la\/estandares-eticos\/\">c\u00f3digo \u00e9tico<\/a>.<\/p>\n","protected":false},"excerpt":{"rendered":"<p>Sobre 杏吧专区 Radio Desarrollando sistemas de radio control desde hace m\u00e1s de 65 a\u00f1os En 杏吧专区 Radio desarrollamos, fabricamos y comercializamos sistemas\u00a0de radio control seguros para uso industrial. La compa\u00f1\u00eda se fund\u00f3 en Suecia en 1955 y desde entonces se ha convertido en un gran grupo de empresas, el Grupo 杏吧专区 Radio. Presencia a nivel [&hellip;]<\/p>\n","protected":false},"author":1,"featured_media":27198,"parent":0,"menu_order":0,"comment_status":"closed","ping_status":"closed","template":"","meta":{"_acf_changed":false,"footnotes":""},"class_list":["post-5709","page","type-page","status-publish","has-post-thumbnail","hentry"],"acf":[],"_links":{"self":[{"href":"https:\/\/www.tele-radio.com\/la\/wp-json\/wp\/v2\/pages\/5709","targetHints":{"allow":["GET"]}}],"collection":[{"href":"https:\/\/www.tele-radio.com\/la\/wp-json\/wp\/v2\/pages"}],"about":[{"href":"https:\/\/www.tele-radio.com\/la\/wp-json\/wp\/v2\/types\/page"}],"author":[{"embeddable":true,"href":"https:\/\/www.tele-radio.com\/la\/wp-json\/wp\/v2\/users\/1"}],"replies":[{"embeddable":true,"href":"https:\/\/www.tele-radio.com\/la\/wp-json\/wp\/v2\/comments?post=5709"}],"version-history":[{"count":14,"href":"https:\/\/www.tele-radio.com\/la\/wp-json\/wp\/v2\/pages\/5709\/revisions"}],"predecessor-version":[{"id":27816,"href":"https:\/\/www.tele-radio.com\/la\/wp-json\/wp\/v2\/pages\/5709\/revisions\/27816"}],"wp:featuredmedia":[{"embeddable":true,"href":"https:\/\/www.tele-radio.com\/la\/wp-json\/wp\/v2\/media\/27198"}],"wp:attachment":[{"href":"https:\/\/www.tele-radio.com\/la\/wp-json\/wp\/v2\/media?parent=5709"}],"curies":[{"name":"wp","href":"https:\/\/api.w.org\/{rel}","templated":true}]}}