  {"id":6534,"date":"2018-05-14T06:12:23","date_gmt":"2018-05-14T06:12:23","guid":{"rendered":"https:\/\/www.tele-radio.com\/thames-reinforcements-ltd\/"},"modified":"2020-05-04T10:20:17","modified_gmt":"2020-05-04T10:20:17","slug":"thames-reinforcements-ltd","status":"publish","type":"page","link":"https:\/\/www.tele-radio.com\/hr\/thames-reinforcements-ltd\/","title":{"rendered":"Thames Reinforcements Ltd"},"content":{"rendered":"<h1>Zamjena konkurencije<\/h1>\n<p>Thames Reinforcements Ltd je tvornica u Sherness, Kent, sagra\u0111ena samo za proizvodnju \u010deli\u010dni \u0161ipki. Kapacitet tvornice je dosegao 1500 tona CARES odobrenog rezanja i savijanja armiranog \u010delika tjedno. Tahmes je zapo\u010deo sa upotrebom daljinskih upravlja\u010da od konkurencije, ali ubrzo su na te\u017ei na\u010din otkrili da o\u0161tri uvjeti \u010deli\u010dne proizvodnje jako \u0161tetu daljinskim upravlja\u010dima. Nakon \u0161to su shvatili da im daljinski upravlja\u010di izdr\u017eavaju oko mjesec dana, po\u010deli su tra\u017eiti zamjenu. Odlu\u010dili su da poku\u0161aju sa 杏吧专区 Radiom i ugradili su Tiger sustav na njihove dizalice. Odabrali su Tiger T9-1 predajnik i koristili su dva predajnika za svaku dizalicu zbog 24-satnog radnog vremena. Ukupno je tvornica imala tri mosne dizalice opremljene sa Tiger sistemom.<br \/>\nNakon godine dana rada, 24 sata na dan trebalo je zamijeniti samo dva predajnika. Dizalice su zamijenjene i premje\u0161tene u njihovu tvornicu u Nottinghamu, gdje sustavi i dalje radu besprijekorno. Nove Demagove dizalice koje su instalirane u tvornici u Kentu su do\u0161le sa Demag daljinskim upravlja\u010dima. Nakon samo mjesec dana prvi daljinski prekid je potaknuo Tomasza Fraczeka, voditelja odr\u017eavanja, da nazove 杏吧专区 Radio te da zamjeni Demag daljinske sa sistemima iz 杏吧专区 Radia.<\/p>\n<blockquote><p>&#8220;杏吧专区 Radio proizvodi mogu dugo izdr\u017eati pod mehani\u010dkim utjecajima bez prekida i trajanje baterije je impresivno&#8221;<\/p><\/blockquote>\n<p>Ovaj put je instaliran 杏吧专区 Radio sistem Panther, u izvedbi sa promjenjivom i punjivom baterijom, kako bi pomogao u neprekidnom radu. Predajnik mo\u017ee izdr\u017eati vi\u0161e od 100 sati rada, brojka kojoj nitko nije do\u0161ao ni blizu. Ovi sistemi radu tri mjeseca bez gre\u0161ke.<\/p>\n<p>Mo\u017eete tako\u0111er\u00a0<a href=\"https:\/\/www.tele-radio.com\/munck-cranes-a-s\/\">pro\u010ditati o Munck Cranes<\/a>\u00a0i za\u0161to su oni odlu\u010dili koristiti 杏吧专区 Radio.<\/p>\n","protected":false},"excerpt":{"rendered":"<p>Zamjena konkurencije Thames Reinforcements Ltd je tvornica u Sherness, Kent, sagra\u0111ena samo za proizvodnju \u010deli\u010dni \u0161ipki. Kapacitet tvornice je dosegao 1500 tona CARES odobrenog rezanja i savijanja armiranog \u010delika tjedno. Tahmes je zapo\u010deo sa upotrebom daljinskih upravlja\u010da od konkurencije, ali ubrzo su na te\u017ei na\u010din otkrili da o\u0161tri uvjeti \u010deli\u010dne proizvodnje jako \u0161tetu daljinskim upravlja\u010dima. [&hellip;]<\/p>\n","protected":false},"author":29,"featured_media":9749,"parent":0,"menu_order":0,"comment_status":"closed","ping_status":"closed","template":"","meta":{"_acf_changed":false,"footnotes":""},"class_list":["post-6534","page","type-page","status-publish","has-post-thumbnail","hentry"],"acf":[],"_links":{"self":[{"href":"https:\/\/www.tele-radio.com\/hr\/wp-json\/wp\/v2\/pages\/6534","targetHints":{"allow":["GET"]}}],"collection":[{"href":"https:\/\/www.tele-radio.com\/hr\/wp-json\/wp\/v2\/pages"}],"about":[{"href":"https:\/\/www.tele-radio.com\/hr\/wp-json\/wp\/v2\/types\/page"}],"author":[{"embeddable":true,"href":"https:\/\/www.tele-radio.com\/hr\/wp-json\/wp\/v2\/users\/29"}],"replies":[{"embeddable":true,"href":"https:\/\/www.tele-radio.com\/hr\/wp-json\/wp\/v2\/comments?post=6534"}],"version-history":[{"count":8,"href":"https:\/\/www.tele-radio.com\/hr\/wp-json\/wp\/v2\/pages\/6534\/revisions"}],"predecessor-version":[{"id":39671,"href":"https:\/\/www.tele-radio.com\/hr\/wp-json\/wp\/v2\/pages\/6534\/revisions\/39671"}],"wp:featuredmedia":[{"embeddable":true,"href":"https:\/\/www.tele-radio.com\/hr\/wp-json\/wp\/v2\/media\/9749"}],"wp:attachment":[{"href":"https:\/\/www.tele-radio.com\/hr\/wp-json\/wp\/v2\/media?parent=6534"}],"curies":[{"name":"wp","href":"https:\/\/api.w.org\/{rel}","templated":true}]}}