  {"id":283333,"date":"2026-02-09T14:11:42","date_gmt":"2026-02-09T14:11:42","guid":{"rendered":"https:\/\/www.tele-radio.com\/lammers-concrete-tele-radio-remote-control-durability\/"},"modified":"2026-03-11T10:27:18","modified_gmt":"2026-03-11T10:27:18","slug":"lammers-concrete-tele-radio-remote-control-durability","status":"publish","type":"page","link":"https:\/\/www.tele-radio.com\/hr\/lammers-concrete-tele-radio-remote-control-durability\/","title":{"rendered":"Lammers Concrete: \u201cDaljinske upravlja\u010de 杏吧专区 Radija gotovo je nemogu\u0107e pokvariti.\u201d"},"content":{"rendered":"\n<div class=\"wp-block-cover aligncenter is-light\"><img decoding=\"async\" class=\"wp-block-cover__image-background wp-image-281303 size-large\" alt=\"\" src=\"https:\/\/www.tele-radio.com\/app\/uploads\/\/IMG_0562-1-900x1200.jpeg\" data-object-fit=\"cover\"\/><span aria-hidden=\"true\" class=\"wp-block-cover__background has-background-dim-0 has-background-dim\" style=\"background-color:#969084\"><\/span><div class=\"wp-block-cover__inner-container is-layout-constrained wp-block-cover-is-layout-constrained\">\n<p class=\"has-text-align-center has-large-font-size\"><\/p>\n<\/div><\/div>\n\n\n\n<div style=\"height:50px\" aria-hidden=\"true\" class=\"wp-block-spacer\"><\/div>\n\n\n\n<h1 class=\"wp-block-heading\"><strong><strong>Lammers Concrete: \u201cDaljinske upravlja\u010de 杏吧专区 Radija gotovo je nemogu\u0107e pokvariti.\u201d<\/strong><\/strong><\/h1>\n\n\n\n<p>\u201eBez dizalica se ni\u0161ta ne mo\u017ee napraviti\u201c, ka\u017ee Jan van Lierop, voditelj proizvodnje u tvrtki Lammers Concrete. \u201eKada je rije\u010d o dizanju, golim rukama ne\u0107emo daleko sti\u0107i. Me\u0111utim, ono za \u0161to koristimo ruke jest upravljanje be\u017ei\u010dnim daljinskim upravlja\u010dem. To stvara puno sigurnije radno okru\u017eenje za na\u0161e ljude nego \u0161to bi fiksni upravlja\u010d.\u201c<\/p>\n\n\n\n<p>Na rubu Weerta, na jugu Nizozemske, pogoni tvrtke Lammers Concrete nalaze se jedan pored drugog. Nekoliko kilometara dalje, kanal Zuid-Willemsvaart ulijeva se u Belgiju. Ukupno oko petnaest hektara prostire se na tri lokacije unutar manje od kilometra jedna od druge. Balkoni, galerijske plo\u010de, zidovi, fasade, stepenice i odmori\u0161ta, za tvrtku Lammers Concrete nijedan monta\u017eni betonski element nije preambiciozan.<\/p>\n\n\n\n<h2 class=\"wp-block-heading\">Te\u0161ka\u0161i za dizalice<\/h2>\n\n\n\n<div class=\"wp-block-columns is-layout-flex wp-container-core-columns-is-layout-9d6595d7 wp-block-columns-is-layout-flex\">\n<div class=\"wp-block-column is-layout-flow wp-block-column-is-layout-flow\">\n<p>Lammers Concrete proizvodi monta\u017eni beton za infrastrukturne projekte, poslovne i javne zgrade, te niskogradnju i vi\u0161ekatnicu. \u201eSve se izra\u0111uje po mjeri\u201c, ka\u017ee Van Lierop.<\/p>\n\n\n\n<p>Tvornica upravlja s 54 dizalice. Na otvorenom, svaka lokacija ima tri portalne dizalice i toranjsku dizalicu, s nosivo\u0161\u0107u od 10 do 50 tona po dizalici. Unutra ve\u0107inu \u010dine 40 dvogrednih i dvije jednogredne nadzemne dizalice. Van Lierop: \u201eStandardno stambeno stubi\u0161te te\u017ei oko dvije tone. Stubi\u0161ta za stadion oko 25 tona. A za infrastrukturne projekte lijevamo grede te\u017eine 32 tone. To je te\u0161ka stvar.\u201c<\/p>\n<\/div>\n\n\n\n<div class=\"wp-block-column is-layout-flow wp-block-column-is-layout-flow\">\n<figure class=\"wp-block-image size-large\"><img loading=\"lazy\" decoding=\"async\" width=\"901\" height=\"1200\" src=\"https:\/\/www.tele-radio.com\/app\/uploads\/\/IMG_0523-1-901x1200.jpeg\" alt=\"\" class=\"wp-image-281152\" srcset=\"https:\/\/www.tele-radio.com\/app\/uploads\/IMG_0523-1-901x1200.jpeg 901w, https:\/\/www.tele-radio.com\/app\/uploads\/IMG_0523-1-300x400.jpeg 300w, https:\/\/www.tele-radio.com\/app\/uploads\/IMG_0523-1-768x1023.jpeg 768w, https:\/\/www.tele-radio.com\/app\/uploads\/IMG_0523-1-1153x1536.jpeg 1153w, https:\/\/www.tele-radio.com\/app\/uploads\/IMG_0523-1-1537x2048.jpeg 1537w, https:\/\/www.tele-radio.com\/app\/uploads\/IMG_0523-1-563x750.jpeg 563w, https:\/\/www.tele-radio.com\/app\/uploads\/IMG_0523-1-375x500.jpeg 375w, https:\/\/www.tele-radio.com\/app\/uploads\/IMG_0523-1-1201x1600.jpeg 1201w, https:\/\/www.tele-radio.com\/app\/uploads\/IMG_0523-1-600x800.jpeg 600w, https:\/\/www.tele-radio.com\/app\/uploads\/IMG_0523-1-scaled.jpeg 1921w\" sizes=\"auto, (max-width: 901px) 100vw, 901px\" \/><\/figure>\n<\/div>\n<\/div>\n\n\n\n<h2 class=\"wp-block-heading\"><strong>Panther i Tiger<\/strong><\/h2>\n\n\n\n<p>Iz svog ureda \u2013 uz ulaz u glavnu lokaciju \u2013 Van Lierop obja\u0161njava kako se razvio odnos s 杏吧专区 Radiom. \u201eVe\u0107 oko pet godina koristimo 杏吧专区 Radijeve sustave Panther i Tiger. Tako\u0111er koristimo dvije druge marke. S vremenom \u0107emo to smanjiti samo na 杏吧专区 Radio.\u201c<\/p>\n\n\n\n<p>\u201eNa\u0161 dobavlja\u010d dizalica izrazio je preferenciju za 杏吧专区 Radio. To je bio odlu\u010duju\u0107i faktor\u201c, prisje\u0107a se Van Lierop. \u201eDo sada imamo toliko 杏吧专区 Radio daljinskih upravlja\u010da u upotrebi da \u0107emo odr\u017eavanje, popravke i rezervne dijelove centralizirati pod vlastitim krovom.\u201c<\/p>\n\n\n\n<p><em>\u010clanak se nastavlja ispod slike.<\/em><\/p>\n\n\n\n<figure class=\"wp-block-image size-large\"><img loading=\"lazy\" decoding=\"async\" width=\"1200\" height=\"900\" src=\"https:\/\/www.tele-radio.com\/app\/uploads\/\/IMG_0546-1200x900.jpeg\" alt=\"\" class=\"wp-image-281273\" srcset=\"https:\/\/www.tele-radio.com\/app\/uploads\/IMG_0546-1200x900.jpeg 1200w, https:\/\/www.tele-radio.com\/app\/uploads\/IMG_0546-400x300.jpeg 400w, https:\/\/www.tele-radio.com\/app\/uploads\/IMG_0546-768x576.jpeg 768w, https:\/\/www.tele-radio.com\/app\/uploads\/IMG_0546-1536x1152.jpeg 1536w, https:\/\/www.tele-radio.com\/app\/uploads\/IMG_0546-2048x1536.jpeg 2048w, https:\/\/www.tele-radio.com\/app\/uploads\/IMG_0546-750x562.jpeg 750w, https:\/\/www.tele-radio.com\/app\/uploads\/IMG_0546-500x375.jpeg 500w, https:\/\/www.tele-radio.com\/app\/uploads\/IMG_0546-1600x1200.jpeg 1600w, https:\/\/www.tele-radio.com\/app\/uploads\/IMG_0546-800x600.jpeg 800w\" sizes=\"auto, (max-width: 1200px) 100vw, 1200px\" \/><\/figure>\n\n\n\n<div style=\"height:50px\" aria-hidden=\"true\" class=\"wp-block-spacer\"><\/div>\n\n\n\n<h2 class=\"wp-block-heading\">Obu\u010deni od strane 杏吧专区 Radija<\/h2>\n\n\n\n<p>Prije svega, tehni\u010dki odjel tvrtke Lammers Concrete ima koristi od kori\u0161tenja jedinstvenog sustava u cijeloj tvornici. \u201eAko radimo s tri razli\u010dita sustava, moj tehni\u010dki tim mora razumjeti sva tri.\u201c<\/p>\n\n\n\n<p>杏吧专区 Radio tako\u0111er obu\u010dava tehni\u010dko osoblje tvrtke Lammers Concrete. Van Lierop: \u201eAko steknemo znanje o be\u017ei\u010dnim kontrolama 杏吧专区 Radija, u\u0161tedimo vrijeme koje bismo ina\u010de potro\u0161ili na koordinaciju sa servisnim odjelom 杏吧专区 Radija.\u201c<\/p>\n\n\n\n<div style=\"height:20px\" aria-hidden=\"true\" class=\"wp-block-spacer\"><\/div>\n\n\n\n<h2 class=\"wp-block-heading\">Izdr\u017eljivi daljinski upravlja\u010di<\/h2>\n\n\n\n<div class=\"wp-block-columns is-layout-flex wp-container-core-columns-is-layout-9d6595d7 wp-block-columns-is-layout-flex\">\n<div class=\"wp-block-column is-layout-flow wp-block-column-is-layout-flow\">\n<figure class=\"wp-block-image size-large\"><img loading=\"lazy\" decoding=\"async\" width=\"900\" height=\"1200\" src=\"https:\/\/www.tele-radio.com\/app\/uploads\/\/IMG_0539-vertical-900x1200.jpeg\" alt=\"\" class=\"wp-image-281040\" srcset=\"https:\/\/www.tele-radio.com\/app\/uploads\/IMG_0539-vertical-900x1200.jpeg 900w, https:\/\/www.tele-radio.com\/app\/uploads\/IMG_0539-vertical-300x400.jpeg 300w, https:\/\/www.tele-radio.com\/app\/uploads\/IMG_0539-vertical-768x1024.jpeg 768w, https:\/\/www.tele-radio.com\/app\/uploads\/IMG_0539-vertical-1152x1536.jpeg 1152w, https:\/\/www.tele-radio.com\/app\/uploads\/IMG_0539-vertical-1535x2048.jpeg 1535w, https:\/\/www.tele-radio.com\/app\/uploads\/IMG_0539-vertical-562x750.jpeg 562w, https:\/\/www.tele-radio.com\/app\/uploads\/IMG_0539-vertical-375x500.jpeg 375w, https:\/\/www.tele-radio.com\/app\/uploads\/IMG_0539-vertical-1200x1600.jpeg 1200w, https:\/\/www.tele-radio.com\/app\/uploads\/IMG_0539-vertical-600x800.jpeg 600w, https:\/\/www.tele-radio.com\/app\/uploads\/IMG_0539-vertical-scaled.jpeg 1919w\" sizes=\"auto, (max-width: 900px) 100vw, 900px\" \/><\/figure>\n<\/div>\n\n\n\n<div class=\"wp-block-column is-layout-flow wp-block-column-is-layout-flow\">\n<p><br>U tvrtki Lammers Concrete, daljinski upravlja\u010di 杏吧专区 Radio koriste se non-stop. Kako se pona\u0161aju pod tako visokim pritiskom? \u201eFolije za lice postale su osnovna ku\u0107anska oprema\u201c, ka\u017ee servisni in\u017eenjer Dave van Kessel dok vodi obilazak gradili\u0161ta. \u201ePrilago\u0111ene folije koje je 杏吧专区 Radio dizajnirao za nas ne\u0107e trajati dulje od \u0161est mjeseci \u2013 \u0161to je logi\u010dno s obzirom na to koliko intenzivno koristimo daljinske upravlja\u010de \u2013 pa ih standardno dr\u017eimo na zalihi.\u201c<\/p>\n\n\n\n<p>\u201cAli osim toga, daljinske upravlja\u010de 杏吧专区 Radija te\u0161ko je pokvariti\u201c, ka\u017ee Van Kessel. \u201eOsim ako vam jedan ne ispadne ili se preko njega ne pre\u0111e automobilom. Ali onda bi svaki daljinski bio gotov.\u201c<\/p>\n\n\n\n<p><\/p>\n<\/div>\n<\/div>\n\n\n\n<div class=\"wp-block-group\" style=\"padding-top:60px;padding-bottom:60px\"><div class=\"wp-block-group__inner-container is-layout-flow wp-block-group-is-layout-flow\">\n<h2 class=\"wp-block-heading has-text-align-center has-kelp-color has-text-color\">Za\u0161to 杏吧专区 Radio?<\/h2>\n\n\n\n<div class=\"wp-block-columns is-layout-flex wp-container-core-columns-is-layout-7501fc45 wp-block-columns-is-layout-flex\" style=\"padding-top:40px\">\n<div class=\"wp-block-column is-layout-flow wp-block-column-is-layout-flow\">\n<h3 class=\"wp-block-heading has-amber-color has-text-color\">Proporcionalnost<\/h3>\n\n\n\n<p class=\"has-gray-color has-text-color\">Glatko i precizno kretanje bez udaraca \u0161titi cilindre, okvire i ljude u blizini.<\/p>\n\n\n\n<p class=\"has-gray-color has-text-color\"><\/p>\n<\/div>\n\n\n\n<div class=\"wp-block-column is-layout-flow wp-block-column-is-layout-flow\">\n<h3 class=\"wp-block-heading has-amber-color has-text-color\">Izdr\u017eljivost<\/h3>\n\n\n\n<p class=\"has-gray-color has-text-color\">Daljinski upravlja\u010di otporni su na temperature od -20 \u00b0C do +55 \u00b0C povr\u0161inske topline i ne propu\u0161taju pra\u0161inu zahvaljuju\u0107i ku\u0107i\u0161tima s IP za\u0161titom.<\/p>\n\n\n\n<p class=\"has-gray-color has-text-color\"><\/p>\n<\/div>\n\n\n\n<div class=\"wp-block-column is-layout-flow wp-block-column-is-layout-flow\">\n<h3 class=\"wp-block-heading has-amber-color has-text-color\">Fleksibilnost<\/h3>\n\n\n\n<p class=\"has-gray-color has-text-color\">Od kompaktnog ru\u010dnog oda\u0161ilja\u010da do oda\u0161ilja\u010da za struk; CAN-bus, SAE-J1939 ili analogni \u2013 priklju\u010duje se na bilo koji sustav.<\/p>\n\n\n\n<p class=\"has-gray-color has-text-color\"><\/p>\n<\/div>\n<\/div>\n\n\n\n<p><\/p>\n<\/div><\/div>\n\n\n\n<div style=\"height:33px\" aria-hidden=\"true\" class=\"wp-block-spacer\"><\/div>\n\n\n\n<section id=\"contact\" class=\"wp-block-group contact-section has-kelp-background-color has-background\" style=\"padding-top:60px;padding-bottom:60px\"><div class=\"wp-block-group__inner-container is-layout-flow wp-block-group-is-layout-flow\">\n<h2 class=\"wp-block-heading has-text-align-center has-white-color has-text-color\">Neem contact op met een expert<\/h2>\n\n\n\n<p class=\"has-text-align-center has-white-color has-text-color\">Vul onderstaand formulier in en we nemen binnen \u00e9\u00e9n werkdag contact met u op.<\/p>\n<\/div><\/section>\n\n\n\n<div style=\"height:33px\" aria-hidden=\"true\" class=\"wp-block-spacer\"><\/div>\n\n\n\n<div class=\"wp-block-contact-form-7-contact-form-selector\">\n<div class=\"wpcf7 no-js\" id=\"wpcf7-f68842-o1\" lang=\"en-EN\" dir=\"ltr\" data-wpcf7-id=\"68842\">\n<div class=\"screen-reader-response\"><p role=\"status\" aria-live=\"polite\" aria-atomic=\"true\"><\/p> <ul><\/ul><\/div>\n<form action=\"\/hr\/wp-json\/wp\/v2\/pages\/283333#wpcf7-f68842-o1\" method=\"post\" class=\"wpcf7-form init\" aria-label=\"Contact form\" novalidate=\"novalidate\" data-status=\"init\">\n<fieldset class=\"hidden-fields-container\"><input type=\"hidden\" name=\"_wpcf7\" value=\"68842\" \/><input type=\"hidden\" name=\"_wpcf7_version\" value=\"6.1\" \/><input type=\"hidden\" name=\"_wpcf7_locale\" value=\"en_EN\" \/><input type=\"hidden\" name=\"_wpcf7_unit_tag\" value=\"wpcf7-f68842-o1\" \/><input type=\"hidden\" name=\"_wpcf7_container_post\" value=\"0\" \/><input type=\"hidden\" name=\"_wpcf7_posted_data_hash\" value=\"\" \/><input type=\"hidden\" name=\"_wpcf7_recaptcha_response\" value=\"\" \/>\n<\/fieldset>\n<p>Fill in our contact form below. We will contact you as soon as possible.\n<\/p>\n<p><label> Your name<br \/>\n<span class=\"wpcf7-form-control-wrap\" data-name=\"your-name\"><input size=\"40\" maxlength=\"400\" class=\"wpcf7-form-control wpcf7-text wpcf7-validates-as-required\" aria-required=\"true\" aria-invalid=\"false\" value=\"\" type=\"text\" name=\"your-name\" \/><\/span> <\/label>\n<\/p>\n<p><label> Your email<br \/>\n<span class=\"wpcf7-form-control-wrap\" data-name=\"your-email\"><input size=\"40\" maxlength=\"400\" class=\"wpcf7-form-control wpcf7-email wpcf7-validates-as-required wpcf7-text wpcf7-validates-as-email\" aria-required=\"true\" aria-invalid=\"false\" value=\"\" type=\"email\" name=\"your-email\" \/><\/span> <\/label>\n<\/p>\n<p><label> Your message (optional)<br \/>\n<span class=\"wpcf7-form-control-wrap\" data-name=\"your-message\"><textarea cols=\"40\" rows=\"10\" maxlength=\"2000\" class=\"wpcf7-form-control wpcf7-textarea\" aria-invalid=\"false\" name=\"your-message\"><\/textarea><\/span> <\/label>\n<\/p>\n<p><input class=\"wpcf7-form-control wpcf7-submit has-spinner\" type=\"submit\" value=\"Submit\" \/>\n<\/p><div class=\"wpcf7-response-output\" aria-hidden=\"true\"><\/div>\n<\/form>\n<\/div>\n\r\n\t\t\t\t<script>\r\n\t\t\t\tif ( typeof huOptions !== 'undefined' ) {\r\n\t\t\t\t\tvar huFormData = {\"source\":\"contactform7\",\"id\":68842,\"title\":\"TRGLOBAL\",\"fields\":{\"subject\":{\"first_name\":\"your-name\",\"email\":\"your-email\"},\"preferences\":{\"terms\":\"your-consent\"}}};\r\n\t\t\t\t\tvar huFormNode = document.querySelector( '[id^=\"wpcf7-f68842-\"] form' );\r\n\r\n\t\t\t\t\thuFormData['node'] = huFormNode;\r\n\t\t\t\t\thuOptions['forms'].push( huFormData );\r\n\t\t\t\t}\r\n\t\t\t\t<\/script><\/div>\n","protected":false},"excerpt":{"rendered":"<p>Lammers Concrete: \u201cDaljinske upravlja\u010de 杏吧专区 Radija gotovo je nemogu\u0107e pokvariti.\u201d \u201eBez dizalica se ni\u0161ta ne mo\u017ee napraviti\u201c, ka\u017ee Jan van Lierop, voditelj proizvodnje u tvrtki Lammers Concrete. \u201eKada je rije\u010d o dizanju, golim rukama ne\u0107emo daleko sti\u0107i. Me\u0111utim, ono za \u0161to koristimo ruke jest upravljanje be\u017ei\u010dnim daljinskim upravlja\u010dem. To stvara puno sigurnije radno okru\u017eenje za [&hellip;]<\/p>\n","protected":false},"author":29,"featured_media":281155,"parent":0,"menu_order":0,"comment_status":"closed","ping_status":"closed","template":"content-customer-stories.php","meta":{"_acf_changed":false,"footnotes":""},"class_list":["post-283333","page","type-page","status-publish","has-post-thumbnail","hentry"],"acf":[],"_links":{"self":[{"href":"https:\/\/www.tele-radio.com\/hr\/wp-json\/wp\/v2\/pages\/283333","targetHints":{"allow":["GET"]}}],"collection":[{"href":"https:\/\/www.tele-radio.com\/hr\/wp-json\/wp\/v2\/pages"}],"about":[{"href":"https:\/\/www.tele-radio.com\/hr\/wp-json\/wp\/v2\/types\/page"}],"author":[{"embeddable":true,"href":"https:\/\/www.tele-radio.com\/hr\/wp-json\/wp\/v2\/users\/29"}],"replies":[{"embeddable":true,"href":"https:\/\/www.tele-radio.com\/hr\/wp-json\/wp\/v2\/comments?post=283333"}],"version-history":[{"count":3,"href":"https:\/\/www.tele-radio.com\/hr\/wp-json\/wp\/v2\/pages\/283333\/revisions"}],"predecessor-version":[{"id":283340,"href":"https:\/\/www.tele-radio.com\/hr\/wp-json\/wp\/v2\/pages\/283333\/revisions\/283340"}],"wp:featuredmedia":[{"embeddable":true,"href":"https:\/\/www.tele-radio.com\/hr\/wp-json\/wp\/v2\/media\/281155"}],"wp:attachment":[{"href":"https:\/\/www.tele-radio.com\/hr\/wp-json\/wp\/v2\/media?parent=283333"}],"curies":[{"name":"wp","href":"https:\/\/api.w.org\/{rel}","templated":true}]}}