  {"id":6499,"date":"2018-05-14T09:08:21","date_gmt":"2018-05-14T09:08:21","guid":{"rendered":"https:\/\/www.tele-radio.com\/euro-prima-doo\/"},"modified":"2022-04-25T09:44:35","modified_gmt":"2022-04-25T09:44:35","slug":"euro-prima-doo","status":"publish","type":"page","link":"https:\/\/www.tele-radio.com\/es\/euro-prima-doo\/","title":{"rendered":"Euro Prima doo"},"content":{"rendered":"\n<h2 class=\"wp-block-heading\">Euro Prima doo &#8211; Especialista en cultivo de hierbas<\/h2>\n\n\n\n<p>La empresa Euro Prima doo es un proveedor serbio de maquinaria de cosecha, especializada en la recolecci\u00f3n de plantas medicinales y hierbas como el romero, la menta, la hierba de lim\u00f3n, el perejil y muchas m\u00e1s. La compa\u00f1\u00eda tiene su sede en Novi Sad, Serbia, con clientes en 50 pa\u00edses de todo el mundo.<\/p>\n\n\n\n<h2 class=\"wp-block-heading\">Mejor con ÐÓ°É×¨Çø Radio<\/h2>\n\n\n\n<p>En la imagen de arriba se muestra el Harvester-Mower NB 2005 V, como su nombre indica es una unidad de recolecci\u00f3n que est\u00e1 adaptada para la manzanilla, menta y otras hierbas. Se mueve sobre las plantas, suspendidas en el aire por el tractor, separando las flores del tallo, dejando intacta la mayor parte de la planta.<\/p>\n\n\n\n<p>La empresa y sus clientes experimentaron problemas e inconvenientes al hacer ajustes en la operaci\u00f3n con controles cableados. Al utilizar un sistema de control remoto ÐÓ°É×¨Çø Radio, el operador de Euro Prima doo puede controlar f\u00e1cilmente el cosechador, sin tener que abandonar la cabina del tractor con aire acondicionado, en vez de trabajar a altas temperaturas en los campos agr\u00edcolas.<\/p>\n\n\n\n<p>Para este sistema en particular, el cliente opt\u00f3 por sistemas Panther que consist\u00edan en un transmisor PN-T19-2 y un receptor PN-R8-3. La l\u00f3gica programada proporciona el uso de grupos de rel\u00e9s enclavados, que desactivan una funci\u00f3n mientras se inicia otra. Esta soluci\u00f3n agrad\u00f3 a sus clientes y tambi\u00e9n result\u00f3 muy r\u00e1pida su instalaci\u00f3n.<\/p>\n","protected":false},"excerpt":{"rendered":"<p>Euro Prima doo &#8211; Especialista en cultivo de hierbas La empresa Euro Prima doo es un proveedor serbio de maquinaria de cosecha, especializada en la recolecci\u00f3n de plantas medicinales y hierbas como el romero, la menta, la hierba de lim\u00f3n, el perejil y muchas m\u00e1s. La compa\u00f1\u00eda tiene su sede en Novi Sad, Serbia, con [&hellip;]<\/p>\n","protected":false},"author":29,"featured_media":9833,"parent":0,"menu_order":0,"comment_status":"closed","ping_status":"closed","template":"","meta":{"_acf_changed":false,"footnotes":""},"class_list":["post-6499","page","type-page","status-publish","has-post-thumbnail","hentry"],"acf":[],"_links":{"self":[{"href":"https:\/\/www.tele-radio.com\/es\/wp-json\/wp\/v2\/pages\/6499","targetHints":{"allow":["GET"]}}],"collection":[{"href":"https:\/\/www.tele-radio.com\/es\/wp-json\/wp\/v2\/pages"}],"about":[{"href":"https:\/\/www.tele-radio.com\/es\/wp-json\/wp\/v2\/types\/page"}],"author":[{"embeddable":true,"href":"https:\/\/www.tele-radio.com\/es\/wp-json\/wp\/v2\/users\/29"}],"replies":[{"embeddable":true,"href":"https:\/\/www.tele-radio.com\/es\/wp-json\/wp\/v2\/comments?post=6499"}],"version-history":[{"count":9,"href":"https:\/\/www.tele-radio.com\/es\/wp-json\/wp\/v2\/pages\/6499\/revisions"}],"predecessor-version":[{"id":100006,"href":"https:\/\/www.tele-radio.com\/es\/wp-json\/wp\/v2\/pages\/6499\/revisions\/100006"}],"wp:featuredmedia":[{"embeddable":true,"href":"https:\/\/www.tele-radio.com\/es\/wp-json\/wp\/v2\/media\/9833"}],"wp:attachment":[{"href":"https:\/\/www.tele-radio.com\/es\/wp-json\/wp\/v2\/media?parent=6499"}],"curies":[{"name":"wp","href":"https:\/\/api.w.org\/{rel}","templated":true}]}}