  {"id":6593,"date":"2018-05-13T19:29:47","date_gmt":"2018-05-13T19:29:47","guid":{"rendered":"https:\/\/www.tele-radio.com\/success-stories\/"},"modified":"2025-02-25T14:11:50","modified_gmt":"2025-02-25T14:11:50","slug":"success-stories","status":"publish","type":"page","link":"https:\/\/www.tele-radio.com\/ch-de\/success-stories\/","title":{"rendered":"Erfolgsgeschichten"},"content":{"rendered":"<h3>&nbsp;<\/h3>\n<h1>Von komplexen Problemen zu kundenspezifischen L\u00f6sungen<\/h1>\n\n\n<p class=\"has-medium-font-size\">Funkfernsteuerungen k\u00f6nnen in den verschiedensten Bereichen zum Einsatz kommen. ÐÓ°É×¨Çø Radio bietet f\u00fcr alle Anwendungen die ideale, individuell auf Sie zugeschnittene L\u00f6sung.<br><br>Dies unterstreichen die nachfolgenden Erfolgsgeschichten:<\/p>\n\n\n\n<hr class=\"wp-block-separator has-css-opacity\"\/>\n\n\n\n<div class=\"wp-block-columns is-layout-flex wp-container-core-columns-is-layout-9d6595d7 wp-block-columns-is-layout-flex\">\n<div class=\"wp-block-column is-layout-flow wp-block-column-is-layout-flow\" style=\"flex-basis:100%\">\n<div class=\"wp-block-media-text alignwide is-stacked-on-mobile\" style=\"grid-template-columns:29% auto\"><figure class=\"wp-block-media-text__media\"><img loading=\"lazy\" decoding=\"async\" width=\"250\" height=\"250\" src=\"https:\/\/www.tele-radio.com\/app\/uploads\/Volvo_Trucks_Logo.png\" alt=\"\" class=\"wp-image-58784 size-full\" srcset=\"https:\/\/www.tele-radio.com\/app\/uploads\/Volvo_Trucks_Logo.png 250w, https:\/\/www.tele-radio.com\/app\/uploads\/Volvo_Trucks_Logo-150x150.png 150w\" sizes=\"auto, (max-width: 250px) 100vw, 250px\" \/><\/figure><div class=\"wp-block-media-text__content\">\n<p class=\"has-large-font-size\"><strong>Volvo ExSter<\/strong><br>ferngesteuerte Volvo LKWs<\/p>\n\n\n\n<p><em><a href=\"https:\/\/www.tele-radio.com\/ch-de\/volvo-exster\/\" target=\"_blank\" aria-label=\"undefined (opens in a new tab)\" rel=\"noreferrer noopener\">hier geht&#8217;s zur Erfolgsgeschichte<\/a><\/em><\/p>\n\n\n\n<p><\/p>\n<\/div><\/div>\n<\/div>\n<\/div>\n\n\n\n<hr class=\"wp-block-separator has-css-opacity\"\/>\n\n\n\n<div class=\"wp-block-media-text alignwide is-stacked-on-mobile\" style=\"grid-template-columns:29% auto\"><figure class=\"wp-block-media-text__media\"><img loading=\"lazy\" decoding=\"async\" width=\"800\" height=\"800\" src=\"https:\/\/www.tele-radio.com\/app\/uploads\/munck.jpg\" alt=\"Munck Cranes\" class=\"wp-image-9723 size-full\" srcset=\"https:\/\/www.tele-radio.com\/app\/uploads\/munck.jpg 800w, https:\/\/www.tele-radio.com\/app\/uploads\/munck-150x150.jpg 150w, https:\/\/www.tele-radio.com\/app\/uploads\/munck-400x400.jpg 400w, https:\/\/www.tele-radio.com\/app\/uploads\/munck-768x768.jpg 768w, https:\/\/www.tele-radio.com\/app\/uploads\/munck-250x250.jpg 250w, https:\/\/www.tele-radio.com\/app\/uploads\/munck-750x750.jpg 750w, https:\/\/www.tele-radio.com\/app\/uploads\/munck-500x500.jpg 500w\" sizes=\"auto, (max-width: 800px) 100vw, 800px\" \/><\/figure><div class=\"wp-block-media-text__content\">\n<p class=\"has-large-font-size\"><strong>Munck Cranes A\/S<\/strong><br>Kranhersteller<\/p>\n\n\n\n<p><em><a href=\"https:\/\/www.tele-radio.com\/ch-de\/munck-cranes-a-s\/\" target=\"_blank\" aria-label=\"undefined (opens in a new tab)\" rel=\"noreferrer noopener\">hier geht&#8217;s zur Erfolgsgeschichte<\/a><\/em><\/p>\n\n\n\n<p><\/p>\n<\/div><\/div>\n\n\n\n<hr class=\"wp-block-separator has-css-opacity\"\/>\n\n\n\n<div class=\"wp-block-media-text alignwide is-stacked-on-mobile\" style=\"grid-template-columns:29% auto\"><figure class=\"wp-block-media-text__media\"><img loading=\"lazy\" decoding=\"async\" width=\"800\" height=\"800\" src=\"https:\/\/www.tele-radio.com\/app\/uploads\/easysilage.jpg\" alt=\"Easy silage\" class=\"wp-image-9795 size-full\" srcset=\"https:\/\/www.tele-radio.com\/app\/uploads\/easysilage.jpg 800w, https:\/\/www.tele-radio.com\/app\/uploads\/easysilage-150x150.jpg 150w, https:\/\/www.tele-radio.com\/app\/uploads\/easysilage-400x400.jpg 400w, https:\/\/www.tele-radio.com\/app\/uploads\/easysilage-768x768.jpg 768w, https:\/\/www.tele-radio.com\/app\/uploads\/easysilage-250x250.jpg 250w, https:\/\/www.tele-radio.com\/app\/uploads\/easysilage-750x750.jpg 750w, https:\/\/www.tele-radio.com\/app\/uploads\/easysilage-500x500.jpg 500w\" sizes=\"auto, (max-width: 800px) 100vw, 800px\" \/><\/figure><div class=\"wp-block-media-text__content\">\n<p class=\"has-large-font-size\"><strong>Easy Silage BV<\/strong><br>Fahrsiloabdeckungen<\/p>\n\n\n\n<p><em><a href=\"https:\/\/www.tele-radio.com\/ch-de\/easy-silage\/\" target=\"_blank\" aria-label=\"undefined (opens in a new tab)\" rel=\"noreferrer noopener\">hier geht&#8217;s zur Erfolgsgeschichte<\/a><\/em><\/p>\n\n\n\n<p><\/p>\n<\/div><\/div>\n\n\n\n<hr class=\"wp-block-separator has-css-opacity\"\/>\n\n\n\n<div class=\"wp-block-media-text alignwide is-stacked-on-mobile\" style=\"grid-template-columns:29% auto\"><figure class=\"wp-block-media-text__media\"><img loading=\"lazy\" decoding=\"async\" width=\"800\" height=\"800\" src=\"https:\/\/www.tele-radio.com\/app\/uploads\/europrima.jpg\" alt=\"\" class=\"wp-image-9831 size-full\" srcset=\"https:\/\/www.tele-radio.com\/app\/uploads\/europrima.jpg 800w, https:\/\/www.tele-radio.com\/app\/uploads\/europrima-150x150.jpg 150w, https:\/\/www.tele-radio.com\/app\/uploads\/europrima-400x400.jpg 400w, https:\/\/www.tele-radio.com\/app\/uploads\/europrima-768x768.jpg 768w, https:\/\/www.tele-radio.com\/app\/uploads\/europrima-250x250.jpg 250w, https:\/\/www.tele-radio.com\/app\/uploads\/europrima-750x750.jpg 750w, https:\/\/www.tele-radio.com\/app\/uploads\/europrima-500x500.jpg 500w\" sizes=\"auto, (max-width: 800px) 100vw, 800px\" \/><\/figure><div class=\"wp-block-media-text__content\">\n<p class=\"has-large-font-size\"><strong>Euro Prima doo<br><\/strong>Erntemaschinen<\/p>\n\n\n\n<p><em><a href=\"https:\/\/www.tele-radio.com\/ch-de\/euro-prima-doo\/\" target=\"_blank\" aria-label=\"undefined (opens in a new tab)\" rel=\"noreferrer noopener\">hier geht&#8217;s zur Erfolgsgeschichte<\/a><\/em><\/p>\n\n\n\n<p><\/p>\n<\/div><\/div>\n\n\n\n<hr class=\"wp-block-separator has-css-opacity\"\/>\n\n\n\n<div class=\"wp-block-media-text alignwide is-stacked-on-mobile\" style=\"grid-template-columns:29% auto\"><figure class=\"wp-block-media-text__media\"><img loading=\"lazy\" decoding=\"async\" width=\"800\" height=\"800\" src=\"https:\/\/www.tele-radio.com\/app\/uploads\/Thames.jpg\" alt=\"Thames Reinforcements Ltd\" class=\"wp-image-9759 size-full\" srcset=\"https:\/\/www.tele-radio.com\/app\/uploads\/Thames.jpg 800w, https:\/\/www.tele-radio.com\/app\/uploads\/Thames-150x150.jpg 150w, https:\/\/www.tele-radio.com\/app\/uploads\/Thames-400x400.jpg 400w, https:\/\/www.tele-radio.com\/app\/uploads\/Thames-768x768.jpg 768w, https:\/\/www.tele-radio.com\/app\/uploads\/Thames-250x250.jpg 250w, https:\/\/www.tele-radio.com\/app\/uploads\/Thames-750x750.jpg 750w, https:\/\/www.tele-radio.com\/app\/uploads\/Thames-500x500.jpg 500w\" sizes=\"auto, (max-width: 800px) 100vw, 800px\" \/><\/figure><div class=\"wp-block-media-text__content\">\n<p class=\"has-large-font-size\"><strong>Thames Reinforcements Ltd<\/strong><br>Stahlproduktion<\/p>\n\n\n\n<p><em><a href=\"https:\/\/www.tele-radio.com\/ch-de\/thames-reinforcements-ltd\/\" target=\"_blank\" aria-label=\"undefined (opens in a new tab)\" rel=\"noreferrer noopener\">hier geht&#8217;s zur Erfolgsgeschichte<\/a><\/em><\/p>\n\n\n\n<p><\/p>\n<\/div><\/div>\n\n\n\n<hr class=\"wp-block-separator has-css-opacity\"\/>\n\n\n\n<p><\/p>\n\n\n\n<p style=\"font-size:25px\"><strong>Suchen auch Sie nach einer Funkfernsteuerung die exakt auf Ihre Bed\u00fcrfnisse zugeschnitten ist?<\/strong><br>Nehmen Sie einfach Kontakt mit uns auf, wir beraten Sie gerne!<em> Unsere Kontaktdaten finden Sie in der Fusszeile.<\/em><\/p>\n\n\n\n<hr class=\"wp-block-separator has-css-opacity\"\/>\n\n\n\n<p><\/p>\n","protected":false},"excerpt":{"rendered":"<p>&nbsp; Von komplexen Problemen zu kundenspezifischen L\u00f6sungen Funkfernsteuerungen k\u00f6nnen in den verschiedensten Bereichen zum Einsatz kommen. ÐÓ°É×¨Çø Radio bietet f\u00fcr alle Anwendungen die ideale, individuell auf Sie zugeschnittene L\u00f6sung. Dies unterstreichen die nachfolgenden Erfolgsgeschichten: Volvo ExSterferngesteuerte Volvo LKWs hier geht&#8217;s zur Erfolgsgeschichte Munck Cranes A\/SKranhersteller hier geht&#8217;s zur Erfolgsgeschichte Easy Silage BVFahrsiloabdeckungen hier geht&#8217;s zur [&hellip;]<\/p>\n","protected":false},"author":29,"featured_media":95855,"parent":0,"menu_order":0,"comment_status":"closed","ping_status":"closed","template":"","meta":{"_acf_changed":false,"footnotes":""},"class_list":["post-6593","page","type-page","status-publish","has-post-thumbnail","hentry"],"acf":[],"_links":{"self":[{"href":"https:\/\/www.tele-radio.com\/ch-de\/wp-json\/wp\/v2\/pages\/6593","targetHints":{"allow":["GET"]}}],"collection":[{"href":"https:\/\/www.tele-radio.com\/ch-de\/wp-json\/wp\/v2\/pages"}],"about":[{"href":"https:\/\/www.tele-radio.com\/ch-de\/wp-json\/wp\/v2\/types\/page"}],"author":[{"embeddable":true,"href":"https:\/\/www.tele-radio.com\/ch-de\/wp-json\/wp\/v2\/users\/29"}],"replies":[{"embeddable":true,"href":"https:\/\/www.tele-radio.com\/ch-de\/wp-json\/wp\/v2\/comments?post=6593"}],"version-history":[{"count":15,"href":"https:\/\/www.tele-radio.com\/ch-de\/wp-json\/wp\/v2\/pages\/6593\/revisions"}],"predecessor-version":[{"id":245910,"href":"https:\/\/www.tele-radio.com\/ch-de\/wp-json\/wp\/v2\/pages\/6593\/revisions\/245910"}],"wp:featuredmedia":[{"embeddable":true,"href":"https:\/\/www.tele-radio.com\/ch-de\/wp-json\/wp\/v2\/media\/95855"}],"wp:attachment":[{"href":"https:\/\/www.tele-radio.com\/ch-de\/wp-json\/wp\/v2\/media?parent=6593"}],"curies":[{"name":"wp","href":"https:\/\/api.w.org\/{rel}","templated":true}]}}